{"id":1197,"date":"2020-08-16T11:41:07","date_gmt":"2020-08-16T11:41:07","guid":{"rendered":"https:\/\/www.mosaik-ka.de\/new\/?page_id=1197"},"modified":"2020-08-22T14:24:42","modified_gmt":"2020-08-22T14:24:42","slug":"course-adults-decription-page-de","status":"publish","type":"page","link":"https:\/\/www.mosaik-ka.de\/new\/de\/mosaik-main-page-de\/course-adults-decription-page-de","title":{"rendered":"course-adults-decription-page-de"},"content":{"rendered":"\t\t<div data-elementor-type=\"wp-page\" data-elementor-id=\"1197\" class=\"elementor elementor-1197\">\n\t\t\t\t\t\t<section class=\"has_eae_slider elementor-section elementor-top-section elementor-element elementor-element-06376a0 elementor-section-stretched elementor-section-full_width elementor-section-height-default elementor-section-height-default\" data-eae-slider=\"12843\" data-id=\"06376a0\" data-element_type=\"section\" data-e-type=\"section\" data-settings=\"{&quot;stretch_section&quot;:&quot;section-stretched&quot;}\">\n\t\t\t\t\t\t<div class=\"elementor-container elementor-column-gap-default\">\n\t\t\t\t\t<div class=\"has_eae_slider elementor-column elementor-col-100 elementor-top-column elementor-element elementor-element-34952ac\" data-eae-slider=\"15092\" data-id=\"34952ac\" data-element_type=\"column\" data-e-type=\"column\">\n\t\t\t<div class=\"elementor-widget-wrap elementor-element-populated\">\n\t\t\t\t\t\t<div class=\"elementor-element elementor-element-f95eeea elementor-widget__width-inherit premium-title-color elementor-widget elementor-widget-premium-addon-title\" data-id=\"f95eeea\" data-element_type=\"widget\" data-e-type=\"widget\" data-widget_type=\"premium-addon-title.default\">\n\t\t\t\t<div class=\"elementor-widget-container\">\n\t\t\t\t\t\n\t\t<div class=\"premium-title-wrapper\">\n\t\t\t<div class=\"premium-title-container style2\">\n\t\t\t\t<h2 class=\"premium-title-header premium-title-style2\">\n\t\t\t\t\t\n\t\t\t\t\t\n\t\t\t\t\t\t\t\t\t\t\t\t\t\t\t<span class=\"premium-title-text\">\n\t\t\t\t\t\tKurse f\u00fcr Erwachsene\t\t\t\t\t<\/span>\n\t\t\t\t\t\t\n\t\t\t\t\t\t\t\t\t\t\n\t\t\t\t\t\t\t\t\t<\/h2>\n\n\t\t\t<\/div>\n\n\t\t\t\t\t<\/div>\n\n\t\t\t\t\t\t<\/div>\n\t\t\t\t<\/div>\n\t\t\t\t\t<\/div>\n\t\t<\/div>\n\t\t\t\t\t<\/div>\n\t\t<\/section>\n\t\t\t\t<section class=\"has_eae_slider elementor-section elementor-top-section elementor-element elementor-element-72c00a3 elementor-section-boxed elementor-section-height-default elementor-section-height-default\" data-eae-slider=\"69528\" data-id=\"72c00a3\" data-element_type=\"section\" data-e-type=\"section\">\n\t\t\t\t\t\t<div class=\"elementor-container elementor-column-gap-default\">\n\t\t\t\t\t<div class=\"has_eae_slider elementor-column elementor-col-100 elementor-top-column elementor-element elementor-element-d0b57a6\" data-eae-slider=\"78768\" data-id=\"d0b57a6\" data-element_type=\"column\" data-e-type=\"column\">\n\t\t\t<div class=\"elementor-widget-wrap elementor-element-populated\">\n\t\t\t\t\t\t<section class=\"has_eae_slider elementor-section elementor-inner-section elementor-element elementor-element-8e3e27a elementor-section-boxed elementor-section-height-default elementor-section-height-default\" data-eae-slider=\"27\" data-id=\"8e3e27a\" data-element_type=\"section\" data-e-type=\"section\">\n\t\t\t\t\t\t<div class=\"elementor-container elementor-column-gap-default\">\n\t\t\t\t\t<div class=\"has_eae_slider elementor-column elementor-col-33 elementor-inner-column elementor-element elementor-element-c5a28ac\" data-eae-slider=\"98253\" data-id=\"c5a28ac\" data-element_type=\"column\" data-e-type=\"column\" data-settings=\"{&quot;background_background&quot;:&quot;classic&quot;}\">\n\t\t\t<div class=\"elementor-widget-wrap elementor-element-populated\">\n\t\t\t\t\t\t<div class=\"elementor-element elementor-element-da73944 elementor-widget elementor-widget-heading\" data-id=\"da73944\" data-element_type=\"widget\" data-e-type=\"widget\" data-widget_type=\"heading.default\">\n\t\t\t\t<div class=\"elementor-widget-container\">\n\t\t\t\t\t<h4 class=\"elementor-heading-title elementor-size-default\">THEATERSTUDIO<\/h4>\t\t\t\t<\/div>\n\t\t\t\t<\/div>\n\t\t\t\t\t<\/div>\n\t\t<\/div>\n\t\t\t\t<div class=\"has_eae_slider elementor-column elementor-col-66 elementor-inner-column elementor-element elementor-element-e45cbc7\" data-eae-slider=\"70390\" data-id=\"e45cbc7\" data-element_type=\"column\" data-e-type=\"column\">\n\t\t\t<div class=\"elementor-widget-wrap elementor-element-populated\">\n\t\t\t\t\t\t<div class=\"elementor-element elementor-element-25f0751 elementor-widget elementor-widget-text-editor\" data-id=\"25f0751\" data-element_type=\"widget\" data-e-type=\"widget\" data-widget_type=\"text-editor.default\">\n\t\t\t\t<div class=\"elementor-widget-container\">\n\t\t\t\t\t\t\t\t\t<p>&#171;Der einzige Luxus, den ich kenne, ist der Luxus menschlicher Kommunikation&#187;<\/p><p>&#8212; Antoine de Saint-Exup\u00e9ry<\/p><p>Wir leben in der Welt des Internets und der sozialen Medien, wo Liken einfacher ist als pers\u00f6nlich mit Menschen zu reden. Theaterunterricht f\u00f6rdert die nat\u00fcrlichen F\u00e4higkeiten und das Charisma, hilft einen selbst besser kennen zu lernen, den K\u00f6rper sowie Emotionen zu kontrollieren und was auch sehr wichtig ist: Lehrt das richtige Reden und hilft beim Vertreten der eigenen Meinung,\u00a0 entfaltet die F\u00e4higkeiten der Selbstpr\u00e4sentation, steigert die F\u00fchrungskompetenz und das K\u00f6nnen im Team zusammenzuarbeiten.<br \/>Wir organisieren literarische Abende, veranstalten Vorf\u00fchrungen, nehmen an spannenden Projekten teil und lernen au\u00dfergew\u00f6hnliche Personen kennen.<\/p>\t\t\t\t\t\t\t\t<\/div>\n\t\t\t\t<\/div>\n\t\t\t\t\t<\/div>\n\t\t<\/div>\n\t\t\t\t\t<\/div>\n\t\t<\/section>\n\t\t\t\t<section class=\"has_eae_slider elementor-section elementor-inner-section elementor-element elementor-element-1144b2c elementor-section-boxed elementor-section-height-default elementor-section-height-default\" data-eae-slider=\"37834\" data-id=\"1144b2c\" data-element_type=\"section\" data-e-type=\"section\">\n\t\t\t\t\t\t<div class=\"elementor-container elementor-column-gap-default\">\n\t\t\t\t\t<div class=\"has_eae_slider elementor-column elementor-col-33 elementor-inner-column elementor-element elementor-element-bfbd1aa\" data-eae-slider=\"92142\" data-id=\"bfbd1aa\" data-element_type=\"column\" data-e-type=\"column\" data-settings=\"{&quot;background_background&quot;:&quot;classic&quot;}\">\n\t\t\t<div class=\"elementor-widget-wrap elementor-element-populated\">\n\t\t\t\t\t\t<div class=\"elementor-element elementor-element-1e2ef47 elementor-widget elementor-widget-heading\" data-id=\"1e2ef47\" data-element_type=\"widget\" data-e-type=\"widget\" data-widget_type=\"heading.default\">\n\t\t\t\t<div class=\"elementor-widget-container\">\n\t\t\t\t\t<h4 class=\"elementor-heading-title elementor-size-default\">KUNSTWERKSTATT<\/h4>\t\t\t\t<\/div>\n\t\t\t\t<\/div>\n\t\t\t\t\t<\/div>\n\t\t<\/div>\n\t\t\t\t<div class=\"has_eae_slider elementor-column elementor-col-66 elementor-inner-column elementor-element elementor-element-9bac23e\" data-eae-slider=\"34624\" data-id=\"9bac23e\" data-element_type=\"column\" data-e-type=\"column\">\n\t\t\t<div class=\"elementor-widget-wrap elementor-element-populated\">\n\t\t\t\t\t\t<div class=\"elementor-element elementor-element-7872934 elementor-widget elementor-widget-text-editor\" data-id=\"7872934\" data-element_type=\"widget\" data-e-type=\"widget\" data-widget_type=\"text-editor.default\">\n\t\t\t\t<div class=\"elementor-widget-container\">\n\t\t\t\t\t\t\t\t\t<p>Wir laden Sie herzlich in unsere Kunstwerkstatt ein! Tauchen Sie ein, in die wunderbare Welt der Farben! Das<span lang=\"de-DE\"> Geschick und die Erfahrung eines professionellen K\u00fcnstlers leitet Sie auf den richtigen Weg, <\/span><span lang=\"de-DE\">erm\u00f6glicht Ihnen ihre Kreativit\u00e4t zu entfalten, lehrt Sie Emotionen und Gef\u00fchle k\u00fcnstlerisch auszudr\u00fccken und einfach etwas zu erschaffen! Zum Programm geh\u00f6ren: Grundlagen des Zeichnens, Kompositionen, Grafik und Skulpturen. Au\u00dferdem k\u00f6nnen Sie die <\/span><span lang=\"de-DE\">Elemente<\/span><span lang=\"de-DE\"> der Steingravur erlernen <\/span><span lang=\"de-DE\">und sich in der Reliefdekoration versuchen. Im <\/span><span lang=\"de-DE\">Fokus<\/span><span lang=\"de-DE\"> der Kurse steht die Malerei. Hier k\u00f6nnen Sie mit verschiedenen Farben und Formen experimentieren sowie <\/span><span lang=\"de-DE\">verschiedenste Maltechniken erforschen. Schauen Sie vorbei und entdecken Sie eine gro\u00dfartige Welt der modernen<\/span> <span lang=\"de-DE\">Kunst und einzigartiger Sch\u00f6nheit!<\/span><\/p>\t\t\t\t\t\t\t\t<\/div>\n\t\t\t\t<\/div>\n\t\t\t\t\t<\/div>\n\t\t<\/div>\n\t\t\t\t\t<\/div>\n\t\t<\/section>\n\t\t\t\t<section class=\"has_eae_slider elementor-section elementor-inner-section elementor-element elementor-element-d654055 elementor-section-boxed elementor-section-height-default elementor-section-height-default\" data-eae-slider=\"5327\" data-id=\"d654055\" data-element_type=\"section\" data-e-type=\"section\">\n\t\t\t\t\t\t<div class=\"elementor-container elementor-column-gap-default\">\n\t\t\t\t\t<div class=\"has_eae_slider elementor-column elementor-col-33 elementor-inner-column elementor-element elementor-element-8dbeeaf\" data-eae-slider=\"76736\" data-id=\"8dbeeaf\" data-element_type=\"column\" data-e-type=\"column\" data-settings=\"{&quot;background_background&quot;:&quot;classic&quot;}\">\n\t\t\t<div class=\"elementor-widget-wrap elementor-element-populated\">\n\t\t\t\t\t\t<div class=\"elementor-element elementor-element-9f1d919 elementor-widget elementor-widget-heading\" data-id=\"9f1d919\" data-element_type=\"widget\" data-e-type=\"widget\" data-widget_type=\"heading.default\">\n\t\t\t\t<div class=\"elementor-widget-container\">\n\t\t\t\t\t<h4 class=\"elementor-heading-title elementor-size-default\">ENGLISCHKURS<\/h4>\t\t\t\t<\/div>\n\t\t\t\t<\/div>\n\t\t\t\t\t<\/div>\n\t\t<\/div>\n\t\t\t\t<div class=\"has_eae_slider elementor-column elementor-col-66 elementor-inner-column elementor-element elementor-element-e667bc8\" data-eae-slider=\"75544\" data-id=\"e667bc8\" data-element_type=\"column\" data-e-type=\"column\">\n\t\t\t<div class=\"elementor-widget-wrap elementor-element-populated\">\n\t\t\t\t\t\t<div class=\"elementor-element elementor-element-8c44333 elementor-widget elementor-widget-text-editor\" data-id=\"8c44333\" data-element_type=\"widget\" data-e-type=\"widget\" data-widget_type=\"text-editor.default\">\n\t\t\t\t<div class=\"elementor-widget-container\">\n\t\t\t\t\t\t\t\t\t<p lang=\"ru-RU\"><span lang=\"de-DE\">Eine moderne, effektive Lehrmethode, eine qualifizierte und erfahrene Kursleiterin, eine Vielzahl von Bildungsaktivit\u00e4ten, Sprachmaterial f\u00fcr die allt\u00e4gliche sowie professionell orientierte Kommunikation, Bekanntschaft mit <\/span><span lang=\"de-DE\">dem Land und der Kultur &#8212; <\/span> <span lang=\"de-DE\">alles was Sie zum Erlernen der Weltsprache brauchen. Interessant und intensiv.<\/span><\/p>\t\t\t\t\t\t\t\t<\/div>\n\t\t\t\t<\/div>\n\t\t\t\t\t<\/div>\n\t\t<\/div>\n\t\t\t\t\t<\/div>\n\t\t<\/section>\n\t\t\t\t\t<\/div>\n\t\t<\/div>\n\t\t\t\t\t<\/div>\n\t\t<\/section>\n\t\t\t\t<\/div>\n\t\t","protected":false},"excerpt":{"rendered":"<p>Kurse f\u00fcr Erwachsene THEATERSTUDIO &#171;Der einzige Luxus, den ich kenne, ist der Luxus menschlicher Kommunikation&#187; &#8212; Antoine de Saint-Exup\u00e9ry Wir leben in [&hellip;]<\/p>\n","protected":false},"author":1,"featured_media":0,"parent":1187,"menu_order":0,"comment_status":"closed","ping_status":"closed","template":"elementor_header_footer","meta":{"footnotes":""},"class_list":["post-1197","page","type-page","status-publish","hentry"],"_links":{"self":[{"href":"https:\/\/www.mosaik-ka.de\/new\/wp-json\/wp\/v2\/pages\/1197","targetHints":{"allow":["GET"]}}],"collection":[{"href":"https:\/\/www.mosaik-ka.de\/new\/wp-json\/wp\/v2\/pages"}],"about":[{"href":"https:\/\/www.mosaik-ka.de\/new\/wp-json\/wp\/v2\/types\/page"}],"author":[{"embeddable":true,"href":"https:\/\/www.mosaik-ka.de\/new\/wp-json\/wp\/v2\/users\/1"}],"replies":[{"embeddable":true,"href":"https:\/\/www.mosaik-ka.de\/new\/wp-json\/wp\/v2\/comments?post=1197"}],"version-history":[{"count":10,"href":"https:\/\/www.mosaik-ka.de\/new\/wp-json\/wp\/v2\/pages\/1197\/revisions"}],"predecessor-version":[{"id":1320,"href":"https:\/\/www.mosaik-ka.de\/new\/wp-json\/wp\/v2\/pages\/1197\/revisions\/1320"}],"up":[{"embeddable":true,"href":"https:\/\/www.mosaik-ka.de\/new\/wp-json\/wp\/v2\/pages\/1187"}],"wp:attachment":[{"href":"https:\/\/www.mosaik-ka.de\/new\/wp-json\/wp\/v2\/media?parent=1197"}],"curies":[{"name":"wp","href":"https:\/\/api.w.org\/{rel}","templated":true}]}}