{"id":1259,"date":"2020-08-16T13:11:28","date_gmt":"2020-08-16T13:11:28","guid":{"rendered":"https:\/\/www.mosaik-ka.de\/new\/?page_id=1259"},"modified":"2022-08-25T23:03:11","modified_gmt":"2022-08-25T21:03:11","slug":"course-school-decription-page-de","status":"publish","type":"page","link":"https:\/\/www.mosaik-ka.de\/new\/de\/mosaik-main-page-de\/course-school-decription-page-de","title":{"rendered":"course-school-decription-page-de"},"content":{"rendered":"\t\t<div data-elementor-type=\"wp-page\" data-elementor-id=\"1259\" class=\"elementor elementor-1259\">\n\t\t\t\t\t\t<section class=\"has_eae_slider elementor-section elementor-top-section elementor-element elementor-element-06376a0 elementor-section-stretched elementor-section-full_width elementor-section-height-default elementor-section-height-default\" data-eae-slider=\"26071\" data-id=\"06376a0\" data-element_type=\"section\" data-e-type=\"section\" data-settings=\"{&quot;stretch_section&quot;:&quot;section-stretched&quot;}\">\n\t\t\t\t\t\t<div class=\"elementor-container elementor-column-gap-default\">\n\t\t\t\t\t<div class=\"has_eae_slider elementor-column elementor-col-100 elementor-top-column elementor-element elementor-element-34952ac\" data-eae-slider=\"615\" data-id=\"34952ac\" data-element_type=\"column\" data-e-type=\"column\">\n\t\t\t<div class=\"elementor-widget-wrap elementor-element-populated\">\n\t\t\t\t\t\t<div class=\"elementor-element elementor-element-f95eeea elementor-widget__width-inherit premium-title-color elementor-widget elementor-widget-premium-addon-title\" data-id=\"f95eeea\" data-element_type=\"widget\" data-e-type=\"widget\" data-widget_type=\"premium-addon-title.default\">\n\t\t\t\t<div class=\"elementor-widget-container\">\n\t\t\t\t\t\n\t\t<div class=\"premium-title-wrapper\">\n\t\t\t<div class=\"premium-title-container style2\">\n\t\t\t\t<h2 class=\"premium-title-header premium-title-style2\">\n\t\t\t\t\t\n\t\t\t\t\t\n\t\t\t\t\t\t\t\t\t\t\t\t\t\t\t<span class=\"premium-title-text\">\n\t\t\t\t\t\tAngebote f\u00fcr Jugendliche\t\t\t\t\t<\/span>\n\t\t\t\t\t\t\n\t\t\t\t\t\t\t\t\t\t\n\t\t\t\t\t\t\t\t\t<\/h2>\n\n\t\t\t<\/div>\n\n\t\t\t\t\t<\/div>\n\n\t\t\t\t\t\t<\/div>\n\t\t\t\t<\/div>\n\t\t\t\t\t<\/div>\n\t\t<\/div>\n\t\t\t\t\t<\/div>\n\t\t<\/section>\n\t\t\t\t<section class=\"has_eae_slider elementor-section elementor-top-section elementor-element elementor-element-72c00a3 elementor-section-boxed elementor-section-height-default elementor-section-height-default\" data-eae-slider=\"44822\" data-id=\"72c00a3\" data-element_type=\"section\" data-e-type=\"section\">\n\t\t\t\t\t\t<div class=\"elementor-container elementor-column-gap-default\">\n\t\t\t\t\t<div class=\"has_eae_slider elementor-column elementor-col-100 elementor-top-column elementor-element elementor-element-d0b57a6\" data-eae-slider=\"28417\" data-id=\"d0b57a6\" data-element_type=\"column\" data-e-type=\"column\">\n\t\t\t<div class=\"elementor-widget-wrap elementor-element-populated\">\n\t\t\t\t\t\t<section class=\"has_eae_slider elementor-section elementor-inner-section elementor-element elementor-element-8e3e27a elementor-section-boxed elementor-section-height-default elementor-section-height-default\" data-eae-slider=\"17185\" data-id=\"8e3e27a\" data-element_type=\"section\" data-e-type=\"section\">\n\t\t\t\t\t\t<div class=\"elementor-container elementor-column-gap-default\">\n\t\t\t\t\t<div class=\"has_eae_slider elementor-column elementor-col-33 elementor-inner-column elementor-element elementor-element-c5a28ac\" data-eae-slider=\"6362\" data-id=\"c5a28ac\" data-element_type=\"column\" data-e-type=\"column\" data-settings=\"{&quot;background_background&quot;:&quot;classic&quot;}\">\n\t\t\t<div class=\"elementor-widget-wrap elementor-element-populated\">\n\t\t\t\t\t\t<div class=\"elementor-element elementor-element-da73944 elementor-widget elementor-widget-heading\" data-id=\"da73944\" data-element_type=\"widget\" data-e-type=\"widget\" data-widget_type=\"heading.default\">\n\t\t\t\t<div class=\"elementor-widget-container\">\n\t\t\t\t\t<h4 class=\"elementor-heading-title elementor-size-default\">THEATERSTUDIO<\/h4>\t\t\t\t<\/div>\n\t\t\t\t<\/div>\n\t\t\t\t\t<\/div>\n\t\t<\/div>\n\t\t\t\t<div class=\"has_eae_slider elementor-column elementor-col-66 elementor-inner-column elementor-element elementor-element-e45cbc7\" data-eae-slider=\"94075\" data-id=\"e45cbc7\" data-element_type=\"column\" data-e-type=\"column\">\n\t\t\t<div class=\"elementor-widget-wrap elementor-element-populated\">\n\t\t\t\t\t\t<div class=\"elementor-element elementor-element-25f0751 elementor-widget elementor-widget-text-editor\" data-id=\"25f0751\" data-element_type=\"widget\" data-e-type=\"widget\" data-widget_type=\"text-editor.default\">\n\t\t\t\t<div class=\"elementor-widget-container\">\n\t\t\t\t\t\t\t\t\t<p lang=\"de-DE\">&#171;Der einzige Luxus, den ich kenne, ist der Luxus menschlicher Kommunikation&#187;<\/p><p lang=\"de-DE\">&#8212; Antoine de Saint-Exup\u00e9ry<\/p><p lang=\"de-DE\">Wir leben in der Welt des Internets und der sozialen Medien, wo Liken einfacher ist als pers\u00f6nlich mit Menschen zu reden. Theaterunterricht f\u00f6rdert die nat\u00fcrlichen F\u00e4higkeiten und das Charisma, hilft einen selbst besser kennen zu lernen, den K\u00f6rper sowie Emotionen zu kontrollieren und was auch sehr wichtig ist: Lehrt das richtige Reden und hilft beim Vertreten der eigenen Meinung,\u00a0 entfaltet die F\u00e4higkeiten der Selbstpr\u00e4sentation, steigert die F\u00fchrungskompetenz und das K\u00f6nnen im Team zusammenzuarbeiten.<br \/>Wir organisieren literarische Abende, veranstalten Vorf\u00fchrungen, nehmen an spannenden Projekten teil und lernen au\u00dfergew\u00f6hnliche Personen kennen.<\/p>\t\t\t\t\t\t\t\t<\/div>\n\t\t\t\t<\/div>\n\t\t\t\t\t<\/div>\n\t\t<\/div>\n\t\t\t\t\t<\/div>\n\t\t<\/section>\n\t\t\t\t<section class=\"has_eae_slider elementor-section elementor-inner-section elementor-element elementor-element-1144b2c elementor-section-boxed elementor-section-height-default elementor-section-height-default\" data-eae-slider=\"75554\" data-id=\"1144b2c\" data-element_type=\"section\" data-e-type=\"section\">\n\t\t\t\t\t\t<div class=\"elementor-container elementor-column-gap-default\">\n\t\t\t\t\t<div class=\"has_eae_slider elementor-column elementor-col-33 elementor-inner-column elementor-element elementor-element-bfbd1aa\" data-eae-slider=\"19794\" data-id=\"bfbd1aa\" data-element_type=\"column\" data-e-type=\"column\" data-settings=\"{&quot;background_background&quot;:&quot;classic&quot;}\">\n\t\t\t<div class=\"elementor-widget-wrap elementor-element-populated\">\n\t\t\t\t\t\t<div class=\"elementor-element elementor-element-1e2ef47 elementor-widget elementor-widget-heading\" data-id=\"1e2ef47\" data-element_type=\"widget\" data-e-type=\"widget\" data-widget_type=\"heading.default\">\n\t\t\t\t<div class=\"elementor-widget-container\">\n\t\t\t\t\t<h4 class=\"elementor-heading-title elementor-size-default\">MATHEMATIK<\/h4>\t\t\t\t<\/div>\n\t\t\t\t<\/div>\n\t\t\t\t\t<\/div>\n\t\t<\/div>\n\t\t\t\t<div class=\"has_eae_slider elementor-column elementor-col-66 elementor-inner-column elementor-element elementor-element-9bac23e\" data-eae-slider=\"81460\" data-id=\"9bac23e\" data-element_type=\"column\" data-e-type=\"column\">\n\t\t\t<div class=\"elementor-widget-wrap elementor-element-populated\">\n\t\t\t\t\t\t<div class=\"elementor-element elementor-element-7872934 elementor-widget elementor-widget-text-editor\" data-id=\"7872934\" data-element_type=\"widget\" data-e-type=\"widget\" data-widget_type=\"text-editor.default\">\n\t\t\t\t<div class=\"elementor-widget-container\">\n\t\t\t\t\t\t\t\t\t<p lang=\"de-DE\">Typisches Problem: Mathe ist nicht gerade das Lieblingsfach jedes Sch\u00fclers.<\/p><p>\u201e<span lang=\"de-DE\">Das ist mir zu schwer!\u201c oder \u201eIch kann das nicht ausrechnen!\u201c ist nicht nur von Kindern zu h\u00f6ren sondern auch in den h\u00f6heren Klassen keine Seltenheit.<\/span><\/p><p lang=\"de-DE\">Was ist denn so schwer an Mathe? Kann man den Sch\u00fclern die Angst vor den Aufgaben nehmen?<\/p><p lang=\"de-DE\">In unseren Mathekursen lernen die Kinder spielerisch und entfalten ihr kreatives Denken. Die Sch\u00fcler lernen schwierige Aufgaben richtig zu l\u00f6sen und nehmen an Wettbewerben teil.<b> <\/b>Zudem wird ihre Konzentration, ihr logisches Denken und ihr Ged\u00e4chtnis trainiert.<\/p><p lang=\"de-DE\">Unser Ziel ist es den Sch\u00fclern zu zeigen, dass Mathe eine spannende Wissenschaft sein kann und nicht nur aus langweiligen Aufgaben besteht. Die Kurse sind an den Lehrplan der Schulen angelehnt, sodass die Kinder in der Schule gr\u00f6\u00dfere Erfolge erzielen k\u00f6nnen.<\/p>\t\t\t\t\t\t\t\t<\/div>\n\t\t\t\t<\/div>\n\t\t\t\t\t<\/div>\n\t\t<\/div>\n\t\t\t\t\t<\/div>\n\t\t<\/section>\n\t\t\t\t<section class=\"has_eae_slider elementor-section elementor-inner-section elementor-element elementor-element-c07b99c elementor-section-boxed elementor-section-height-default elementor-section-height-default\" data-eae-slider=\"54130\" data-id=\"c07b99c\" data-element_type=\"section\" data-e-type=\"section\">\n\t\t\t\t\t\t<div class=\"elementor-container elementor-column-gap-default\">\n\t\t\t\t\t<div class=\"has_eae_slider elementor-column elementor-col-33 elementor-inner-column elementor-element elementor-element-a727150\" data-eae-slider=\"81832\" data-id=\"a727150\" data-element_type=\"column\" data-e-type=\"column\" data-settings=\"{&quot;background_background&quot;:&quot;classic&quot;}\">\n\t\t\t<div class=\"elementor-widget-wrap elementor-element-populated\">\n\t\t\t\t\t\t<div class=\"elementor-element elementor-element-4f59607 elementor-widget elementor-widget-heading\" data-id=\"4f59607\" data-element_type=\"widget\" data-e-type=\"widget\" data-widget_type=\"heading.default\">\n\t\t\t\t<div class=\"elementor-widget-container\">\n\t\t\t\t\t<h4 class=\"elementor-heading-title elementor-size-default\">RUSSISCH<\/h4>\t\t\t\t<\/div>\n\t\t\t\t<\/div>\n\t\t\t\t\t<\/div>\n\t\t<\/div>\n\t\t\t\t<div class=\"has_eae_slider elementor-column elementor-col-66 elementor-inner-column elementor-element elementor-element-4e9db22\" data-eae-slider=\"71707\" data-id=\"4e9db22\" data-element_type=\"column\" data-e-type=\"column\">\n\t\t\t<div class=\"elementor-widget-wrap elementor-element-populated\">\n\t\t\t\t\t\t<div class=\"elementor-element elementor-element-c568514 elementor-widget elementor-widget-text-editor\" data-id=\"c568514\" data-element_type=\"widget\" data-e-type=\"widget\" data-widget_type=\"text-editor.default\">\n\t\t\t\t<div class=\"elementor-widget-container\">\n\t\t\t\t\t\t\t\t\t<p lang=\"de-DE\"><span style=\"color: #000000;\">Als Basis unserer Russischkurse dienen diese Programme: \u201eRussisch f\u00fcr zweisprachige Kinder\u201c und \u201eRussisch als Fremdsprache\u201c. <\/span><\/p><p lang=\"de-DE\"><span style=\"color: #000000;\">Das Ziel des Unterrichts ist es, das Interesse der Kinder in der russischen Sprache und Kultur zu erhalten. Der Kurs ist offen f\u00fcr Kinder mit jedem Sprachniveau. Wir helfen Sch\u00fclern, die sich noch nicht trauen Russisch zu sprechen, die Sprachbarriere zu \u00fcberwinden und die m\u00fcndliche Rede zu f\u00f6rdern. Die, die die m\u00fcndliche Rede schon beherrschen, k\u00f6nnen in diesem Kurs ihr Vokabular erweitern, lesen und schreiben lernen sowie die korrekte Grammatik trainieren. Eine sorgf\u00e4ltige Auswahl an Unterrichtsmaterialien, moderne Lehrmethoden und die Ber\u00fccksichtigung individueller Kenntnisse tragen zur erfolgreichen Sprachentwicklung bei. <\/span><\/p><p lang=\"de-DE\"><span style=\"color: #000000;\">In den Kursen verwenden wir Lehrb\u00fccher und Lehrmaterialien, die von Experten auf dem Gebiet Russisch als Fremdsprache und Russisch als zweite Muttersprache erstellt wurden, sowie Materialien, die von unseren Kursleitern mit langj\u00e4hriger Erfahrung entwickelt wurden.<\/span><\/p>\t\t\t\t\t\t\t\t<\/div>\n\t\t\t\t<\/div>\n\t\t\t\t\t<\/div>\n\t\t<\/div>\n\t\t\t\t\t<\/div>\n\t\t<\/section>\n\t\t\t\t<section class=\"has_eae_slider elementor-section elementor-inner-section elementor-element elementor-element-020d266 elementor-section-boxed elementor-section-height-default elementor-section-height-default\" data-eae-slider=\"94995\" data-id=\"020d266\" data-element_type=\"section\" data-e-type=\"section\">\n\t\t\t\t\t\t<div class=\"elementor-container elementor-column-gap-default\">\n\t\t\t\t\t<div class=\"has_eae_slider elementor-column elementor-col-33 elementor-inner-column elementor-element elementor-element-f439099\" data-eae-slider=\"62930\" data-id=\"f439099\" data-element_type=\"column\" data-e-type=\"column\" data-settings=\"{&quot;background_background&quot;:&quot;classic&quot;}\">\n\t\t\t<div class=\"elementor-widget-wrap elementor-element-populated\">\n\t\t\t\t\t\t<div class=\"elementor-element elementor-element-81522d9 elementor-widget elementor-widget-heading\" data-id=\"81522d9\" data-element_type=\"widget\" data-e-type=\"widget\" data-widget_type=\"heading.default\">\n\t\t\t\t<div class=\"elementor-widget-container\">\n\t\t\t\t\t<h4 class=\"elementor-heading-title elementor-size-default\">BILDENDE KUNST<\/h4>\t\t\t\t<\/div>\n\t\t\t\t<\/div>\n\t\t\t\t\t<\/div>\n\t\t<\/div>\n\t\t\t\t<div class=\"has_eae_slider elementor-column elementor-col-66 elementor-inner-column elementor-element elementor-element-636b530\" data-eae-slider=\"80354\" data-id=\"636b530\" data-element_type=\"column\" data-e-type=\"column\">\n\t\t\t<div class=\"elementor-widget-wrap elementor-element-populated\">\n\t\t\t\t\t\t<div class=\"elementor-element elementor-element-4c3da4a elementor-widget elementor-widget-text-editor\" data-id=\"4c3da4a\" data-element_type=\"widget\" data-e-type=\"widget\" data-widget_type=\"text-editor.default\">\n\t\t\t\t<div class=\"elementor-widget-container\">\n\t\t\t\t\t\t\t\t\t<p lang=\"de-DE\"><span style=\"color: #bf819e;\"><span style=\"color: #000000;\">Die Kreativit\u00e4t der Kinder spielt eine wichtige Rolle in deren Entwicklung. Eine M\u00f6glichkeit diese Eigenschaft zu entfalten, ist die Malerei, wo ihr Kind nicht nur die Kunst n\u00e4her kennen lernt, sondern viele weitere wertvolle F\u00e4higkeiten entwickelt , z.B. Einfallsreichtum und analytisches Denken. Dazu werden das Ged\u00e4chtnis, die Einzigartigkeit, das Urteilsverm\u00f6gen und die kreativen F\u00e4higkeiten des Kindes gef\u00f6rdert sowie Unmengen anderer bedeutender Begabungen, die zur Entwicklung der Pers\u00f6nlichkeit beitragen. Dies wird am besten in einer Gruppe erzielt, da das Kind Informationen austauscht, etwas Neues f\u00fcr sich entdeckt und lernt auf Details zu achten.<\/span><\/span><\/p><p lang=\"de-DE\"><span style=\"color: #bf819e;\"><span style=\"color: #000000;\">In unserem Verein bietet sich ihrem Kind die M\u00f6glichkeit, in die Welt der bildenden Kunst einzutauchen und sie n\u00e4her kennen zu lernen. In unseren Kursen erlernen die Kinder nicht nur k\u00fcnstlerische Techniken, sondern beteiligen sich auch an verschiedenen kreativen Projekten, was ihnen zweifellos Freude bereitet! Das Programm beinhaltet auch das Lernen von Komposition, Farbe, Form und Perspektive.<\/span><\/span><\/p>\t\t\t\t\t\t\t\t<\/div>\n\t\t\t\t<\/div>\n\t\t\t\t\t<\/div>\n\t\t<\/div>\n\t\t\t\t\t<\/div>\n\t\t<\/section>\n\t\t\t\t<section class=\"has_eae_slider elementor-section elementor-inner-section elementor-element elementor-element-7ca955f elementor-section-boxed elementor-section-height-default elementor-section-height-default\" data-eae-slider=\"54548\" data-id=\"7ca955f\" data-element_type=\"section\" data-e-type=\"section\">\n\t\t\t\t\t\t<div class=\"elementor-container elementor-column-gap-default\">\n\t\t\t\t\t<div class=\"has_eae_slider elementor-column elementor-col-33 elementor-inner-column elementor-element elementor-element-ac42b45\" data-eae-slider=\"81234\" data-id=\"ac42b45\" data-element_type=\"column\" data-e-type=\"column\" data-settings=\"{&quot;background_background&quot;:&quot;classic&quot;}\">\n\t\t\t<div class=\"elementor-widget-wrap elementor-element-populated\">\n\t\t\t\t\t\t<div class=\"elementor-element elementor-element-370569c elementor-widget elementor-widget-heading\" data-id=\"370569c\" data-element_type=\"widget\" data-e-type=\"widget\" data-widget_type=\"heading.default\">\n\t\t\t\t<div class=\"elementor-widget-container\">\n\t\t\t\t\t<h4 class=\"elementor-heading-title elementor-size-default\">RUSSISCHE LITERATUR IN DER WELTKULTUR<\/h4>\t\t\t\t<\/div>\n\t\t\t\t<\/div>\n\t\t\t\t\t<\/div>\n\t\t<\/div>\n\t\t\t\t<div class=\"has_eae_slider elementor-column elementor-col-66 elementor-inner-column elementor-element elementor-element-a5baf87\" data-eae-slider=\"49854\" data-id=\"a5baf87\" data-element_type=\"column\" data-e-type=\"column\">\n\t\t\t<div class=\"elementor-widget-wrap elementor-element-populated\">\n\t\t\t\t\t\t<div class=\"elementor-element elementor-element-d8ccfe9 elementor-widget elementor-widget-text-editor\" data-id=\"d8ccfe9\" data-element_type=\"widget\" data-e-type=\"widget\" data-widget_type=\"text-editor.default\">\n\t\t\t\t<div class=\"elementor-widget-container\">\n\t\t\t\t\t\t\t\t\t<p lang=\"de-DE\"><span style=\"color: #000000;\">Der Kurs \u201eRussische Literatur in der Weltkultur\u201c wird f\u00fcr Jugendliche von 13-14 Jahren angeboten und stellt ihnen die besten Werke russischer Literatur in Verbindung mit europ\u00e4ischer sowie Weltkultur und ihre starke Beziehung zu historischen Ereignissen vor. Wir lernen gro\u00dfe Poeten kennen, entdecken die Sch\u00f6nheit der russischen Sprache, entwickeln uns spirituell, entfalten unsere Wahrnehmung und Vorstellungskraft, lernen unsere Meinung auszudr\u00fccken, sie zu beweisen und zu entwickeln, was in der heutigen Gesellschaft sehr wichtig ist. Die in diesem Kurs erlernten F\u00e4higkeiten der Analyse und Interpretation literarischer Texte werden zu einem enormen Erwerb f\u00fcr alle, die das Abitur erfolgreich in einer anderen Sprache bestehen m\u00f6chten.<\/span><\/p>\t\t\t\t\t\t\t\t<\/div>\n\t\t\t\t<\/div>\n\t\t\t\t\t<\/div>\n\t\t<\/div>\n\t\t\t\t\t<\/div>\n\t\t<\/section>\n\t\t\t\t<section class=\"has_eae_slider elementor-section elementor-inner-section elementor-element elementor-element-75afe2f elementor-section-boxed elementor-section-height-default elementor-section-height-default\" data-eae-slider=\"77628\" data-id=\"75afe2f\" data-element_type=\"section\" data-e-type=\"section\">\n\t\t\t\t\t\t<div class=\"elementor-container elementor-column-gap-default\">\n\t\t\t\t\t<div class=\"has_eae_slider elementor-column elementor-col-33 elementor-inner-column elementor-element elementor-element-e334b03\" data-eae-slider=\"60347\" data-id=\"e334b03\" data-element_type=\"column\" data-e-type=\"column\" data-settings=\"{&quot;background_background&quot;:&quot;classic&quot;}\">\n\t\t\t<div class=\"elementor-widget-wrap elementor-element-populated\">\n\t\t\t\t\t\t<div class=\"elementor-element elementor-element-a7db526 elementor-widget elementor-widget-heading\" data-id=\"a7db526\" data-element_type=\"widget\" data-e-type=\"widget\" data-widget_type=\"heading.default\">\n\t\t\t\t<div class=\"elementor-widget-container\">\n\t\t\t\t\t<h4 class=\"elementor-heading-title elementor-size-default\">ENGLISCH MIT ERFOLG <\/h4>\t\t\t\t<\/div>\n\t\t\t\t<\/div>\n\t\t\t\t\t<\/div>\n\t\t<\/div>\n\t\t\t\t<div class=\"has_eae_slider elementor-column elementor-col-66 elementor-inner-column elementor-element elementor-element-4805761\" data-eae-slider=\"42533\" data-id=\"4805761\" data-element_type=\"column\" data-e-type=\"column\">\n\t\t\t<div class=\"elementor-widget-wrap elementor-element-populated\">\n\t\t\t\t\t\t<div class=\"elementor-element elementor-element-6057211 elementor-widget elementor-widget-text-editor\" data-id=\"6057211\" data-element_type=\"widget\" data-e-type=\"widget\" data-widget_type=\"text-editor.default\">\n\t\t\t\t<div class=\"elementor-widget-container\">\n\t\t\t\t\t\t\t\t\t<p lang=\"de-DE\"><span style=\"color: #bf819e;\"><span style=\"color: #000000;\">Die Kurse unter dem Motto \u201eEnglisch mit Erfolg\u201c wurden entwickelt, um Sch\u00fcler in allen Aspekten dieses Faches zu unterst\u00fctzen, einschlie\u00dflich der Vorbereitung auf das Abitur. <\/span><span style=\"color: #000000;\">Das Programm richtet sich nach allen Anforderungen f\u00fcr die Schulen des Landes Baden-W\u00fcrttemberg und verfolgt folgende Ziele:<\/span><\/span><\/p><ul><li lang=\"de-DE\"><span style=\"color: #bf819e;\"><span style=\"color: #000000;\">Vertiefung der in der Schule erworbenen Kenntnisse <\/span><\/span><\/li><li lang=\"de-DE\"><span style=\"color: #bf819e;\"><span style=\"color: #000000;\">Gedanken korrekt auf Englisch ausdr\u00fccken<\/span><\/span><\/li><li lang=\"de-DE\"><span style=\"color: #bf819e;\"><span style=\"color: #000000;\">Englisch verstehen und flie\u00dfend sprechen<\/span><\/span><\/li><li lang=\"de-DE\"><span style=\"color: #bf819e;\"><span style=\"color: #000000;\">Interesse f\u00fcr die Sprache wecken<\/span><\/span><\/li><li lang=\"de-DE\"><span style=\"color: #bf819e;\"><span style=\"color: #000000;\">selbstbewusst sprechen und Pr\u00e4sentationen halten<\/span><\/span><\/li><\/ul><p lang=\"de-DE\"><span style=\"color: #bf819e;\"><span style=\"color: #000000;\">Der Unterricht findet in kleinen Gruppen statt, um maximale Effizienz zu gew\u00e4hrleisten.<\/span><\/span><\/p>\t\t\t\t\t\t\t\t<\/div>\n\t\t\t\t<\/div>\n\t\t\t\t\t<\/div>\n\t\t<\/div>\n\t\t\t\t\t<\/div>\n\t\t<\/section>\n\t\t\t\t<section class=\"has_eae_slider elementor-section elementor-inner-section elementor-element elementor-element-b7e1fe9 elementor-section-boxed elementor-section-height-default elementor-section-height-default\" data-eae-slider=\"9283\" data-id=\"b7e1fe9\" data-element_type=\"section\" data-e-type=\"section\">\n\t\t\t\t\t\t<div class=\"elementor-container elementor-column-gap-default\">\n\t\t\t\t\t<div class=\"has_eae_slider elementor-column elementor-col-33 elementor-inner-column elementor-element elementor-element-0170ccb\" data-eae-slider=\"15322\" data-id=\"0170ccb\" data-element_type=\"column\" data-e-type=\"column\" data-settings=\"{&quot;background_background&quot;:&quot;classic&quot;}\">\n\t\t\t<div class=\"elementor-widget-wrap elementor-element-populated\">\n\t\t\t\t\t\t<div class=\"elementor-element elementor-element-d04e8ac elementor-widget elementor-widget-heading\" data-id=\"d04e8ac\" data-element_type=\"widget\" data-e-type=\"widget\" data-widget_type=\"heading.default\">\n\t\t\t\t<div class=\"elementor-widget-container\">\n\t\t\t\t\t<h4 class=\"elementor-heading-title elementor-size-default\">DEKORATIVE ANGEWANDTE K\u00dcNSTE <\/h4>\t\t\t\t<\/div>\n\t\t\t\t<\/div>\n\t\t\t\t\t<\/div>\n\t\t<\/div>\n\t\t\t\t<div class=\"has_eae_slider elementor-column elementor-col-66 elementor-inner-column elementor-element elementor-element-382423d\" data-eae-slider=\"20588\" data-id=\"382423d\" data-element_type=\"column\" data-e-type=\"column\">\n\t\t\t<div class=\"elementor-widget-wrap elementor-element-populated\">\n\t\t\t\t\t\t<div class=\"elementor-element elementor-element-8e3e7ec elementor-widget elementor-widget-text-editor\" data-id=\"8e3e7ec\" data-element_type=\"widget\" data-e-type=\"widget\" data-widget_type=\"text-editor.default\">\n\t\t\t\t<div class=\"elementor-widget-container\">\n\t\t\t\t\t\t\t\t\t<p lang=\"de-DE\"><span style=\"color: #000000;\">Im Kurs f\u00fcr dekorative angewandte K\u00fcnste f\u00fcr Erwachsene und Kinder ab 9 Jahren erwartet Sie:<\/span><\/p><ul><li lang=\"de-DE\"><span style=\"color: #000000;\">Glasmalerei<\/span><\/li><li lang=\"de-DE\"><span style=\"color: #000000;\">Decoupage<\/span><\/li><li lang=\"de-DE\"><span style=\"color: #000000;\">verschiedene Arten von Applikationen und Collagen<\/span><\/li><li lang=\"de-DE\"><span style=\"color: #000000;\">Zierb\u00e4ume &#8212; Topiary<\/span><\/li><li lang=\"de-DE\"><span style=\"color: #000000;\">Gem\u00e4lde aus Wolle<\/span><\/li><li lang=\"de-DE\"><span style=\"color: #000000;\">Gem\u00e4lde auf Gips<\/span><\/li><li lang=\"de-DE\"><span style=\"color: #000000;\">Geschenke und vieles mehr<\/span><\/li><\/ul><p lang=\"de-DE\"><span style=\"color: #000000;\">Lassen Sie uns unser Leben neu und kreativ gestalten!<\/span><\/p>\t\t\t\t\t\t\t\t<\/div>\n\t\t\t\t<\/div>\n\t\t\t\t\t<\/div>\n\t\t<\/div>\n\t\t\t\t\t<\/div>\n\t\t<\/section>\n\t\t\t\t\t<\/div>\n\t\t<\/div>\n\t\t\t\t\t<\/div>\n\t\t<\/section>\n\t\t\t\t<\/div>\n\t\t","protected":false},"excerpt":{"rendered":"<p>Angebote f\u00fcr Jugendliche THEATERSTUDIO &#171;Der einzige Luxus, den ich kenne, ist der Luxus menschlicher Kommunikation&#187; &#8212; Antoine de Saint-Exup\u00e9ry Wir leben in [&hellip;]<\/p>\n","protected":false},"author":1,"featured_media":0,"parent":1187,"menu_order":0,"comment_status":"closed","ping_status":"closed","template":"elementor_header_footer","meta":{"footnotes":""},"class_list":["post-1259","page","type-page","status-publish","hentry"],"_links":{"self":[{"href":"https:\/\/www.mosaik-ka.de\/new\/wp-json\/wp\/v2\/pages\/1259","targetHints":{"allow":["GET"]}}],"collection":[{"href":"https:\/\/www.mosaik-ka.de\/new\/wp-json\/wp\/v2\/pages"}],"about":[{"href":"https:\/\/www.mosaik-ka.de\/new\/wp-json\/wp\/v2\/types\/page"}],"author":[{"embeddable":true,"href":"https:\/\/www.mosaik-ka.de\/new\/wp-json\/wp\/v2\/users\/1"}],"replies":[{"embeddable":true,"href":"https:\/\/www.mosaik-ka.de\/new\/wp-json\/wp\/v2\/comments?post=1259"}],"version-history":[{"count":18,"href":"https:\/\/www.mosaik-ka.de\/new\/wp-json\/wp\/v2\/pages\/1259\/revisions"}],"predecessor-version":[{"id":2244,"href":"https:\/\/www.mosaik-ka.de\/new\/wp-json\/wp\/v2\/pages\/1259\/revisions\/2244"}],"up":[{"embeddable":true,"href":"https:\/\/www.mosaik-ka.de\/new\/wp-json\/wp\/v2\/pages\/1187"}],"wp:attachment":[{"href":"https:\/\/www.mosaik-ka.de\/new\/wp-json\/wp\/v2\/media?parent=1259"}],"curies":[{"name":"wp","href":"https:\/\/api.w.org\/{rel}","templated":true}]}}