{"id":1261,"date":"2020-08-16T13:12:24","date_gmt":"2020-08-16T13:12:24","guid":{"rendered":"https:\/\/www.mosaik-ka.de\/new\/?page_id=1261"},"modified":"2020-08-22T15:52:11","modified_gmt":"2020-08-22T15:52:11","slug":"courses-kids-0-3-de","status":"publish","type":"page","link":"https:\/\/www.mosaik-ka.de\/new\/de\/mosaik-main-page-de\/courses-kids-0-3-de","title":{"rendered":"courses-kids-0-3-de"},"content":{"rendered":"\t\t<div data-elementor-type=\"wp-page\" data-elementor-id=\"1261\" class=\"elementor elementor-1261\">\n\t\t\t\t\t\t<section class=\"has_eae_slider elementor-section elementor-top-section elementor-element elementor-element-a986c72 elementor-section-boxed elementor-section-height-default elementor-section-height-default\" data-eae-slider=\"22030\" data-id=\"a986c72\" data-element_type=\"section\" data-e-type=\"section\">\n\t\t\t\t\t\t<div class=\"elementor-container elementor-column-gap-default\">\n\t\t\t\t\t<div class=\"has_eae_slider elementor-column elementor-col-100 elementor-top-column elementor-element elementor-element-2bbec29\" data-eae-slider=\"34740\" data-id=\"2bbec29\" data-element_type=\"column\" data-e-type=\"column\">\n\t\t\t<div class=\"elementor-widget-wrap elementor-element-populated\">\n\t\t\t\t\t\t<div class=\"elementor-element elementor-element-06e9a1f premium-title-flex-end premium-title-color elementor-widget elementor-widget-premium-addon-title\" data-id=\"06e9a1f\" data-element_type=\"widget\" data-e-type=\"widget\" data-widget_type=\"premium-addon-title.default\">\n\t\t\t\t<div class=\"elementor-widget-container\">\n\t\t\t\t\t\n\t\t<div class=\"premium-title-wrapper\">\n\t\t\t<div class=\"premium-title-container style4\">\n\t\t\t\t<h2 class=\"premium-title-header premium-title-style4\">\n\t\t\t\t\t\n\t\t\t\t\t\n\t\t\t\t\t\t\t\t\t\t\t\t\t\t\t<span class=\"premium-title-text\">\n\t\t\t\t\t\tAngebote f\u00fcr Kleinkinder (1 bis 3 Jahre)\t\t\t\t\t<\/span>\n\t\t\t\t\t\t\n\t\t\t\t\t\t\t\t\t\t\n\t\t\t\t\t\t\t\t\t<\/h2>\n\n\t\t\t<\/div>\n\n\t\t\t\t\t<\/div>\n\n\t\t\t\t\t\t<\/div>\n\t\t\t\t<\/div>\n\t\t\t\t<section class=\"has_eae_slider elementor-section elementor-inner-section elementor-element elementor-element-1e8acbc elementor-section-boxed elementor-section-height-default elementor-section-height-default\" data-eae-slider=\"98881\" data-id=\"1e8acbc\" data-element_type=\"section\" data-e-type=\"section\">\n\t\t\t\t\t\t<div class=\"elementor-container elementor-column-gap-default\">\n\t\t\t\t\t<div class=\"has_eae_slider elementor-column elementor-col-33 elementor-inner-column elementor-element elementor-element-ce33276\" data-eae-slider=\"74718\" data-id=\"ce33276\" data-element_type=\"column\" data-e-type=\"column\" data-settings=\"{&quot;background_background&quot;:&quot;classic&quot;}\">\n\t\t\t<div class=\"elementor-widget-wrap elementor-element-populated\">\n\t\t\t\t\t\t<div class=\"elementor-element elementor-element-2a6dfe1 elementor-widget elementor-widget-heading\" data-id=\"2a6dfe1\" data-element_type=\"widget\" data-e-type=\"widget\" data-widget_type=\"heading.default\">\n\t\t\t\t<div class=\"elementor-widget-container\">\n\t\t\t\t\t<h4 class=\"elementor-heading-title elementor-size-default\">FR\u00dcHE GANZHEITLICHE ENTWICKLUNG<\/h4>\t\t\t\t<\/div>\n\t\t\t\t<\/div>\n\t\t\t\t\t<\/div>\n\t\t<\/div>\n\t\t\t\t<div class=\"has_eae_slider elementor-column elementor-col-66 elementor-inner-column elementor-element elementor-element-b0867e3\" data-eae-slider=\"41666\" data-id=\"b0867e3\" data-element_type=\"column\" data-e-type=\"column\">\n\t\t\t<div class=\"elementor-widget-wrap elementor-element-populated\">\n\t\t\t\t\t\t<div class=\"elementor-element elementor-element-1676dd4 elementor-widget elementor-widget-text-editor\" data-id=\"1676dd4\" data-element_type=\"widget\" data-e-type=\"widget\" data-widget_type=\"text-editor.default\">\n\t\t\t\t<div class=\"elementor-widget-container\">\n\t\t\t\t\t\t\t\t\t<p lang=\"de-DE\"><span style=\"color: #000000;\">Spielerisch lernen (1,5-3 Jahre).<\/span><\/p><p lang=\"de-DE\"><span style=\"color: #000000;\">Die Kurse werden in spielerischer Form durchgef\u00fchrt und beinhalten das Vorlesen von literarischen Texten. Der Fokus liegt auf der Entwicklung der Kinder. Sie lernen langsam und richtig zu reden und einfache Fragen zu beantworten. Viel Aufmerksamkeit wird der Entwicklung der Artikulation, der Stimme und des Geh\u00f6rs sowie der Erweiterung des Wortschatzes geschenkt. In jedem Kurs bringen wir den Kindern die Welt n\u00e4her, f\u00f6rdern ihre Kreativit\u00e4t, lehren sie mit Stiften, Pinseln (Malerei) und Kleber (Applikation) zu arbeiten. Mit beweglichen Spielen f\u00f6rdern wir ihre physische Aktivit\u00e4t und entwickeln die Grob- als auch Feinmotorik. Dar\u00fcber hinaus vermitteln wir richtige Verhaltensweisen f\u00fcr eine anschlie\u00dfende erfolgreiche Bildung in der Schule.<\/span><\/p>\t\t\t\t\t\t\t\t<\/div>\n\t\t\t\t<\/div>\n\t\t\t\t\t<\/div>\n\t\t<\/div>\n\t\t\t\t\t<\/div>\n\t\t<\/section>\n\t\t\t\t<section class=\"has_eae_slider elementor-section elementor-inner-section elementor-element elementor-element-33bc7c5 elementor-section-boxed elementor-section-height-default elementor-section-height-default\" data-eae-slider=\"47964\" data-id=\"33bc7c5\" data-element_type=\"section\" data-e-type=\"section\">\n\t\t\t\t\t\t<div class=\"elementor-container elementor-column-gap-default\">\n\t\t\t\t\t<div class=\"has_eae_slider elementor-column elementor-col-33 elementor-inner-column elementor-element elementor-element-0befee9\" data-eae-slider=\"62166\" data-id=\"0befee9\" data-element_type=\"column\" data-e-type=\"column\" data-settings=\"{&quot;background_background&quot;:&quot;classic&quot;}\">\n\t\t\t<div class=\"elementor-widget-wrap elementor-element-populated\">\n\t\t\t\t\t\t<div class=\"elementor-element elementor-element-e5d705e elementor-widget elementor-widget-heading\" data-id=\"e5d705e\" data-element_type=\"widget\" data-e-type=\"widget\" data-widget_type=\"heading.default\">\n\t\t\t\t<div class=\"elementor-widget-container\">\n\t\t\t\t\t<h4 class=\"elementor-heading-title elementor-size-default\">SPIELERISCH FIT<\/h4>\t\t\t\t<\/div>\n\t\t\t\t<\/div>\n\t\t\t\t\t<\/div>\n\t\t<\/div>\n\t\t\t\t<div class=\"has_eae_slider elementor-column elementor-col-66 elementor-inner-column elementor-element elementor-element-8955bbd\" data-eae-slider=\"17418\" data-id=\"8955bbd\" data-element_type=\"column\" data-e-type=\"column\">\n\t\t\t<div class=\"elementor-widget-wrap elementor-element-populated\">\n\t\t\t\t\t\t<div class=\"elementor-element elementor-element-a3da8c1 elementor-widget elementor-widget-text-editor\" data-id=\"a3da8c1\" data-element_type=\"widget\" data-e-type=\"widget\" data-widget_type=\"text-editor.default\">\n\t\t\t\t<div class=\"elementor-widget-container\">\n\t\t\t\t\t\t\t\t\t<p lang=\"de-DE\">Spielerisch gestalteter Kurs f\u00fcr Kinder im Alter von 2-3 Jahren.<\/p><p lang=\"de-DE\">Der Unterricht ist gef\u00fcllt mit vielen Bewegungsspielen und ist begleitet mit Musik. Die Kinder nehmen mit Vergn\u00fcgen an den Spielen teil.<\/p><p lang=\"de-DE\">Der Kurs f\u00e4ngt mit einer Aufw\u00e4rmung an.<\/p><p lang=\"de-DE\">Der Hauptteil ist spielerisch gestaltet. Hier erwarten die Kinder Spiele mit Bewegung, T\u00e4nze und weitere spannende Aufgaben.<\/p><p lang=\"de-DE\">Zum Abschluss: \u00dcbungen und Spiele f\u00fcr ein entspannendes Cool-down.<\/p>\t\t\t\t\t\t\t\t<\/div>\n\t\t\t\t<\/div>\n\t\t\t\t\t<\/div>\n\t\t<\/div>\n\t\t\t\t\t<\/div>\n\t\t<\/section>\n\t\t\t\t<section class=\"has_eae_slider elementor-section elementor-inner-section elementor-element elementor-element-a2205b5 elementor-section-boxed elementor-section-height-default elementor-section-height-default\" data-eae-slider=\"57476\" data-id=\"a2205b5\" data-element_type=\"section\" data-e-type=\"section\">\n\t\t\t\t\t\t<div class=\"elementor-container elementor-column-gap-default\">\n\t\t\t\t\t<div class=\"has_eae_slider elementor-column elementor-col-33 elementor-inner-column elementor-element elementor-element-354bffb\" data-eae-slider=\"18443\" data-id=\"354bffb\" data-element_type=\"column\" data-e-type=\"column\" data-settings=\"{&quot;background_background&quot;:&quot;classic&quot;}\">\n\t\t\t<div class=\"elementor-widget-wrap elementor-element-populated\">\n\t\t\t\t\t\t<div class=\"elementor-element elementor-element-3c0f1d5 elementor-widget elementor-widget-heading\" data-id=\"3c0f1d5\" data-element_type=\"widget\" data-e-type=\"widget\" data-widget_type=\"heading.default\">\n\t\t\t\t<div class=\"elementor-widget-container\">\n\t\t\t\t\t<h4 class=\"elementor-heading-title elementor-size-default\">FR\u00dcHE SPRACH-MUSIKALISCHE ENTWICKLUNG<\/h4>\t\t\t\t<\/div>\n\t\t\t\t<\/div>\n\t\t\t\t\t<\/div>\n\t\t<\/div>\n\t\t\t\t<div class=\"has_eae_slider elementor-column elementor-col-66 elementor-inner-column elementor-element elementor-element-41a20b0\" data-eae-slider=\"81998\" data-id=\"41a20b0\" data-element_type=\"column\" data-e-type=\"column\">\n\t\t\t<div class=\"elementor-widget-wrap elementor-element-populated\">\n\t\t\t\t\t\t<div class=\"elementor-element elementor-element-55e0a97 elementor-widget elementor-widget-text-editor\" data-id=\"55e0a97\" data-element_type=\"widget\" data-e-type=\"widget\" data-widget_type=\"text-editor.default\">\n\t\t\t\t<div class=\"elementor-widget-container\">\n\t\t\t\t\t\t\t\t\t<p lang=\"de-DE\"><span style=\"color: #000000;\">Unsere Kurse f\u00fcr die ganz Kleinen haben wir mit Absicht \u201esprachlich-musikalische Entwicklung\u201c genannt, da Musik und Sprache eine \u00e4hnliche intonatorische Beschaffenheit besitzen und das emotionale Denken des Kindes entfalten. Au\u00dferdem weckt Musik bekanntlich die Motivation zum Bewegen und das Rhythmusgef\u00fchl. Zu einer besseren Entwicklung des Rhythmusgef\u00fchls dienen Musik- sowie Ger\u00e4uschinstrumente als Begleitung zu Liedern. Verschiedene Arten von Musik- und Sprachaktivit\u00e4ten im Unterricht f\u00f6rdern die Aufmerksamkeit als auch Konzentration und bereiten nicht nur den Kindern, sondern auch ihren Eltern gro\u00dfes Vergn\u00fcgen.<\/span><\/p>\t\t\t\t\t\t\t\t<\/div>\n\t\t\t\t<\/div>\n\t\t\t\t\t<\/div>\n\t\t<\/div>\n\t\t\t\t\t<\/div>\n\t\t<\/section>\n\t\t\t\t<section class=\"has_eae_slider elementor-section elementor-inner-section elementor-element elementor-element-8facb16 elementor-section-boxed elementor-section-height-default elementor-section-height-default\" data-eae-slider=\"47851\" data-id=\"8facb16\" data-element_type=\"section\" data-e-type=\"section\">\n\t\t\t\t\t\t<div class=\"elementor-container elementor-column-gap-default\">\n\t\t\t\t\t<div class=\"has_eae_slider elementor-column elementor-col-33 elementor-inner-column elementor-element elementor-element-11b6fed\" data-eae-slider=\"93014\" data-id=\"11b6fed\" data-element_type=\"column\" data-e-type=\"column\" data-settings=\"{&quot;background_background&quot;:&quot;classic&quot;}\">\n\t\t\t<div class=\"elementor-widget-wrap elementor-element-populated\">\n\t\t\t\t\t\t<div class=\"elementor-element elementor-element-997546b elementor-widget elementor-widget-heading\" data-id=\"997546b\" data-element_type=\"widget\" data-e-type=\"widget\" data-widget_type=\"heading.default\">\n\t\t\t\t<div class=\"elementor-widget-container\">\n\t\t\t\t\t<h4 class=\"elementor-heading-title elementor-size-default\">FR\u00dcHE \u00c4STHETISCHE ENTWICKLUNG<\/h4>\t\t\t\t<\/div>\n\t\t\t\t<\/div>\n\t\t\t\t\t<\/div>\n\t\t<\/div>\n\t\t\t\t<div class=\"has_eae_slider elementor-column elementor-col-66 elementor-inner-column elementor-element elementor-element-397e78a\" data-eae-slider=\"605\" data-id=\"397e78a\" data-element_type=\"column\" data-e-type=\"column\">\n\t\t\t<div class=\"elementor-widget-wrap elementor-element-populated\">\n\t\t\t\t\t\t<div class=\"elementor-element elementor-element-b24e6f4 elementor-widget elementor-widget-text-editor\" data-id=\"b24e6f4\" data-element_type=\"widget\" data-e-type=\"widget\" data-widget_type=\"text-editor.default\">\n\t\t\t\t<div class=\"elementor-widget-container\">\n\t\t\t\t\t\t\t\t\t<p lang=\"de-DE\">Fast alle Kinder malen. Die einen mehr, die anderen weniger. Allerdings wird nur einer von vielen sp\u00e4ter ein professioneller K\u00fcnstler sein. \u201eIn diesem Fall lohnt es sich nicht, die Zeit f\u00fcr Stift und Papier zu verschwenden.\u201c werden viele Erwachsene denken. Doch es lohnt sich!<\/p><p lang=\"de-DE\">Malerei in einem fr\u00fchen Alter ist nicht nur eine gute M\u00f6glichkeit sich auszudr\u00fccken, sondern hilft bei der Entwicklung des Kindes, seiner Pers\u00f6nlichkeit und seiner Kreativit\u00e4t.<\/p><p lang=\"de-DE\">Unbegabte Kinder gibt es bekanntlich nicht auf der Welt. Jedes Kind hat sein eigenes individuelles Talent. Man muss dieses einfach nur fr\u00fch genug bemerken und ihm helfen es zu entfalten. Deswegen ist es wichtig, dass man im fr\u00fchen Alter von 3 Jahren mit dem Entwickeln kreativer F\u00e4higkeiten anf\u00e4ngt, um sp\u00e4ter enorme Erfolge zu erzielen.<\/p>\t\t\t\t\t\t\t\t<\/div>\n\t\t\t\t<\/div>\n\t\t\t\t\t<\/div>\n\t\t<\/div>\n\t\t\t\t\t<\/div>\n\t\t<\/section>\n\t\t\t\t\t<\/div>\n\t\t<\/div>\n\t\t\t\t\t<\/div>\n\t\t<\/section>\n\t\t\t\t<\/div>\n\t\t","protected":false},"excerpt":{"rendered":"<p>Angebote f\u00fcr Kleinkinder (1 bis 3 Jahre) FR\u00dcHE GANZHEITLICHE ENTWICKLUNG Spielerisch lernen (1,5-3 Jahre). Die Kurse werden in spielerischer Form durchgef\u00fchrt und [&hellip;]<\/p>\n","protected":false},"author":1,"featured_media":0,"parent":1187,"menu_order":0,"comment_status":"closed","ping_status":"closed","template":"elementor_header_footer","meta":{"footnotes":""},"class_list":["post-1261","page","type-page","status-publish","hentry"],"_links":{"self":[{"href":"https:\/\/www.mosaik-ka.de\/new\/wp-json\/wp\/v2\/pages\/1261","targetHints":{"allow":["GET"]}}],"collection":[{"href":"https:\/\/www.mosaik-ka.de\/new\/wp-json\/wp\/v2\/pages"}],"about":[{"href":"https:\/\/www.mosaik-ka.de\/new\/wp-json\/wp\/v2\/types\/page"}],"author":[{"embeddable":true,"href":"https:\/\/www.mosaik-ka.de\/new\/wp-json\/wp\/v2\/users\/1"}],"replies":[{"embeddable":true,"href":"https:\/\/www.mosaik-ka.de\/new\/wp-json\/wp\/v2\/comments?post=1261"}],"version-history":[{"count":7,"href":"https:\/\/www.mosaik-ka.de\/new\/wp-json\/wp\/v2\/pages\/1261\/revisions"}],"predecessor-version":[{"id":1362,"href":"https:\/\/www.mosaik-ka.de\/new\/wp-json\/wp\/v2\/pages\/1261\/revisions\/1362"}],"up":[{"embeddable":true,"href":"https:\/\/www.mosaik-ka.de\/new\/wp-json\/wp\/v2\/pages\/1187"}],"wp:attachment":[{"href":"https:\/\/www.mosaik-ka.de\/new\/wp-json\/wp\/v2\/media?parent=1261"}],"curies":[{"name":"wp","href":"https:\/\/api.w.org\/{rel}","templated":true}]}}